{"id":5888,"date":"2024-07-07T19:56:28","date_gmt":"2024-07-07T19:56:28","guid":{"rendered":"https:\/\/symalit.te-dev.ch\/shop\/non%20class\u00e9\/cs-tubes-de-protection-de-cables-dil-force-2\/"},"modified":"2024-09-04T12:25:30","modified_gmt":"2024-09-04T12:25:30","slug":"cs-tubes-de-protection-de-cables-dil-force-2","status":"publish","type":"product","link":"https:\/\/konadohu.cyon.site\/fr\/shop\/tubes\/cs-tubes-de-protection-de-cables-dil-force-2\/","title":{"rendered":"C+S Tubes de protection de c\u00e2bles \u00abDIL-force\u00bb"},"content":{"rendered":"<p>Tr\u00e8s haute r\u00e9sistance \u00e0 la compression au sommet.<br \/>\nFaible dilatation en longueur sous l&rsquo;effet du soleil.  Frottement moindre lors du tirage du c\u00e2ble. Adapt\u00e9 aux cam\u00e9ras.<\/p>\n","protected":false},"excerpt":{"rendered":"<p>Tr\u00e8s haute r\u00e9sistance \u00e0 la compression au sommet. Faible dilatation en longueur sous l&rsquo;effet du soleil. Frottement moindre lors du tirage du c\u00e2ble. Adapt\u00e9 aux cam\u00e9ras.<\/p>\n","protected":false},"featured_media":11319,"template":"","meta":{"_acf_changed":false},"product_brand":[],"product_cat":[1429],"product_tag":[],"class_list":{"0":"post-5888","1":"product","2":"type-product","3":"status-publish","4":"has-post-thumbnail","6":"product_cat-tubes","7":"pa_artikelnr-530556-fr","8":"pa_artikelnr-530994-fr","9":"pa_artikelnr-530999-fr","10":"pa_artikelnr-532788-fr","11":"pa_artikelnr-532805-fr","12":"pa_artikelnr-530555-fr","13":"pa_baulaenge-m-10-fr-2","14":"pa_material-hdpe-fr","15":"pa_metergewicht-kg-m-3-71-fr","16":"pa_metergewicht-kg-m-6-23-fr","17":"pa_metergewicht-kg-m-5-95-fr","18":"pa_metergewicht-kg-m-9-47-fr","19":"pa_metergewicht-kg-m-2-39-fr","20":"pa_metergewicht-kg-m-2-01-fr","21":"pa_nennweite-od-id-mm-132-120-fr","22":"pa_nennweite-od-id-mm-163-148-fr","23":"pa_nennweite-od-id-mm-214-195-fr","24":"pa_nennweite-od-id-mm-250-235-fr","25":"pa_nennweite-od-id-mm-315-296-fr","26":"pa_nennweite-od-id-mm-112-100-fr","27":"pa_produktlinie-cs-dil-force-hdpe-fr","28":"pa_rabattgruppe-1d-fr-2","29":"pa_rohraufbau-trois-couches-couches-interieure-et-exterieure-blanches-en-matiere-vierge-couche-centrale-noire-en-matiere-recyclee","30":"pa_streifen-bandes-rouges","31":"pa_wandstaerke-mm-7-5-fr","32":"pa_wandstaerke-mm-7-7-fr","33":"pa_wandstaerke-mm-9-5-fr","34":"pa_wandstaerke-mm-9-7-fr","35":"pa_wandstaerke-mm-6-0-fr","37":"first","38":"instock","39":"purchasable","40":"product-type-variable"},"acf":[],"aioseo_notices":[],"_links":{"self":[{"href":"https:\/\/konadohu.cyon.site\/fr\/wp-json\/wp\/v2\/product\/5888","targetHints":{"allow":["GET"]}}],"collection":[{"href":"https:\/\/konadohu.cyon.site\/fr\/wp-json\/wp\/v2\/product"}],"about":[{"href":"https:\/\/konadohu.cyon.site\/fr\/wp-json\/wp\/v2\/types\/product"}],"wp:featuredmedia":[{"embeddable":true,"href":"https:\/\/konadohu.cyon.site\/fr\/wp-json\/wp\/v2\/media\/11319"}],"wp:attachment":[{"href":"https:\/\/konadohu.cyon.site\/fr\/wp-json\/wp\/v2\/media?parent=5888"}],"wp:term":[{"taxonomy":"product_brand","embeddable":true,"href":"https:\/\/konadohu.cyon.site\/fr\/wp-json\/wp\/v2\/product_brand?post=5888"},{"taxonomy":"product_cat","embeddable":true,"href":"https:\/\/konadohu.cyon.site\/fr\/wp-json\/wp\/v2\/product_cat?post=5888"},{"taxonomy":"product_tag","embeddable":true,"href":"https:\/\/konadohu.cyon.site\/fr\/wp-json\/wp\/v2\/product_tag?post=5888"}],"curies":[{"name":"wp","href":"https:\/\/api.w.org\/{rel}","templated":true}]}}