{"id":6803,"date":"2024-07-10T06:23:07","date_gmt":"2024-07-10T06:23:07","guid":{"rendered":"https:\/\/symalit.te-dev.ch\/shop\/non%20class\u00e9\/manchons-a-souder-thermique\/"},"modified":"2024-09-05T12:37:39","modified_gmt":"2024-09-05T12:37:39","slug":"manchons-a-souder-thermique","status":"publish","type":"product","link":"https:\/\/konadohu.cyon.site\/fr\/shop\/pieces-formees\/manchons-a-souder-thermique\/","title":{"rendered":"Manchons \u00e9lectrosoudables"},"content":{"rendered":"<p>Si le soudage est ex\u00e9cut\u00e9 correctement, l\u2019\u00e9tanch\u00e9it\u00e9 aux \u00e9claboussures et le lait de ciment, aussi la r\u00e9sistance \u00e0 l\u2019\u00e9tirement sont assur\u00e9s. Utilisation avec le syst\u00e8me DIL-Force. Si une fonction avec \u00e9tanch\u00e9it\u00e9 absolue est requise dans le secteur des protections de c\u00e2bles, des conseils d\u00e9taill\u00e9s sont indispensables. Prenez contact avec nous. Nous recommandons de faire effectuer le soudage par un professionnel agr\u00e9\u00e9.<\/p>\n","protected":false},"excerpt":{"rendered":"<p>Si le soudage est ex\u00e9cut\u00e9 correctement, l\u2019\u00e9tanch\u00e9it\u00e9 aux \u00e9claboussures et le lait de ciment, aussi la r\u00e9sistance \u00e0 l\u2019\u00e9tirement sont assur\u00e9s. Utilisation avec le syst\u00e8me DIL-Force. Si une fonction avec \u00e9tanch\u00e9it\u00e9 absolue est requise dans le secteur des protections de c\u00e2bles, des conseils d\u00e9taill\u00e9s sont indispensables. Prenez contact avec nous. Nous recommandons de faire effectuer [&hellip;]<\/p>\n","protected":false},"featured_media":11162,"template":"","meta":{"_acf_changed":false},"product_brand":[],"product_cat":[3616],"product_tag":[],"class_list":{"0":"post-6803","1":"product","2":"type-product","3":"status-publish","4":"has-post-thumbnail","6":"product_cat-pieces-formees","7":"pa_artikelnr-506703-fr","8":"pa_artikelnr-507118-fr","9":"pa_artikelnr-506702-fr","10":"pa_artikelnr-1151-fr","11":"pa_artikelnr-507123-fr","12":"pa_artikelnr-507122-fr","13":"pa_artikelnr-507041-fr","14":"pa_gewicht-kg-stk-0-62-fr","15":"pa_gewicht-kg-stk-1-50-fr","16":"pa_gewicht-kg-stk-1-18-fr","17":"pa_gewicht-kg-stk-3-02-fr","18":"pa_gewicht-kg-stk-0-60-fr","19":"pa_gewicht-kg-stk-1-10-fr","20":"pa_gewicht-kg-stk-0-74-fr","21":"pa_passend-zu-dn-112-100-fr","22":"pa_rabattgruppe-99-fr","23":"pa_rabattgruppe-5p-fr","25":"first","26":"instock","27":"purchasable","28":"product-type-variable"},"acf":[],"aioseo_notices":[],"_links":{"self":[{"href":"https:\/\/konadohu.cyon.site\/fr\/wp-json\/wp\/v2\/product\/6803","targetHints":{"allow":["GET"]}}],"collection":[{"href":"https:\/\/konadohu.cyon.site\/fr\/wp-json\/wp\/v2\/product"}],"about":[{"href":"https:\/\/konadohu.cyon.site\/fr\/wp-json\/wp\/v2\/types\/product"}],"wp:featuredmedia":[{"embeddable":true,"href":"https:\/\/konadohu.cyon.site\/fr\/wp-json\/wp\/v2\/media\/11162"}],"wp:attachment":[{"href":"https:\/\/konadohu.cyon.site\/fr\/wp-json\/wp\/v2\/media?parent=6803"}],"wp:term":[{"taxonomy":"product_brand","embeddable":true,"href":"https:\/\/konadohu.cyon.site\/fr\/wp-json\/wp\/v2\/product_brand?post=6803"},{"taxonomy":"product_cat","embeddable":true,"href":"https:\/\/konadohu.cyon.site\/fr\/wp-json\/wp\/v2\/product_cat?post=6803"},{"taxonomy":"product_tag","embeddable":true,"href":"https:\/\/konadohu.cyon.site\/fr\/wp-json\/wp\/v2\/product_tag?post=6803"}],"curies":[{"name":"wp","href":"https:\/\/api.w.org\/{rel}","templated":true}]}}